{"id":741,"date":"2019-02-24T12:06:38","date_gmt":"2019-02-24T11:06:38","guid":{"rendered":"http:\/\/vincentdezeuze.neowp.fr\/?page_id=741"},"modified":"2024-08-16T17:17:45","modified_gmt":"2024-08-16T15:17:45","slug":"linstant-1990-2000","status":"publish","type":"page","link":"https:\/\/vincent.dezeuze.com\/index.php\/linstant-1990-2000\/","title":{"rendered":"L&rsquo;instant 1990-2000"},"content":{"rendered":"<p>[et_pb_section fb_built=\u00a0\u00bb1&Prime; admin_label=\u00a0\u00bbsection\u00a0\u00bb _builder_version=\u00a0\u00bb4.16&Prime; global_colors_info=\u00a0\u00bb{}\u00a0\u00bb][et_pb_row column_structure=\u00a0\u00bb3_5,2_5&Prime; admin_label=\u00a0\u00bbrow\u00a0\u00bb _builder_version=\u00a0\u00bb4.16&Prime; background_size=\u00a0\u00bbinitial\u00a0\u00bb background_position=\u00a0\u00bbtop_left\u00a0\u00bb background_repeat=\u00a0\u00bbrepeat\u00a0\u00bb global_colors_info=\u00a0\u00bb{}\u00a0\u00bb][et_pb_column type=\u00a0\u00bb3_5&Prime; _builder_version=\u00a0\u00bb4.16&Prime; custom_padding=\u00a0\u00bb|||\u00a0\u00bb global_colors_info=\u00a0\u00bb{}\u00a0\u00bb custom_padding__hover=\u00a0\u00bb|||\u00a0\u00bb][et_pb_text admin_label=\u00a0\u00bbText\u00a0\u00bb _builder_version=\u00a0\u00bb4.16&Prime; text_font=\u00a0\u00bb||||||||\u00a0\u00bb background_size=\u00a0\u00bbinitial\u00a0\u00bb background_position=\u00a0\u00bbtop_left\u00a0\u00bb background_repeat=\u00a0\u00bbrepeat\u00a0\u00bb global_colors_info=\u00a0\u00bb{}\u00a0\u00bb]<\/p>\n<p style=\"text-align: justify\">Moment d\u2019ad\u00e9quation, route nocturne, \u00e9tat contemplatif. Il y a une simple \u00e9vidence, tout fonctionne parfaitement, les pi\u00e8ces de l\u2019immense puzzle s\u2019embo\u00eetent id\u00e9alement.<\/p>\n<p>Tu captes tout, tu comprends ce qui t\u2019entoure, tu \u00e9changes avec ces mol\u00e9cules s\u00e9culaires, elles t\u2019informent de l\u2019unique et du global.<\/p>\n<p>Un instant de lucidit\u00e9 hors du temps, il s\u2019\u00e9vanouit et tu redeviens pauvre \u00eatre humain dou\u00e9 d\u2019une intelligence qui te laisse croire que la terre est ronde et qui te refuse d\u2019appr\u00e9hender la seule notion d\u2019infini.<\/p>\n<p>Le chant de la m\u00e9canique, le r\u00e9tr\u00e9cissement du paysage \u00e0 la limite du champ des phares, le d\u00e9filement des images r\u00e9elles et des images mentales donnent naissance \u00e0 ces moments \u00aboc\u00e9aniques\u00bb.<\/p>\n<p>[\/et_pb_text][et_pb_testimonial author=\u00a0\u00bbSeptembre, En Attendant. Noir D\u00e9sir\u00a0\u00bb portrait_width=\u00a0\u00bb0px\u00a0\u00bb portrait_height=\u00a0\u00bb0px\u00a0\u00bb _builder_version=\u00a0\u00bb4.16&Prime; custom_margin=\u00a0\u00bb30px||\u00a0\u00bb border_radii_portrait=\u00a0\u00bbon|0px|0px|0px|0px\u00a0\u00bb global_colors_info=\u00a0\u00bb{}\u00a0\u00bb]<\/p>\n<p>Juste le temps de battre des cils,<br \/>Un souffle, un \u00e9clat bleu,<br \/>Un instant, qui dit mieux<br \/>L\u2019\u00e9quilibre est fragile<br \/>J\u2019ai tout vu<br \/>Je n\u2019ai rien retenu<\/p>\n<p>[\/et_pb_testimonial][\/et_pb_column][et_pb_column type=\u00a0\u00bb2_5&Prime; _builder_version=\u00a0\u00bb4.16&Prime; custom_padding=\u00a0\u00bb|||\u00a0\u00bb global_colors_info=\u00a0\u00bb{}\u00a0\u00bb custom_padding__hover=\u00a0\u00bb|||\u00a0\u00bb][et_pb_image src=\u00a0\u00bbhttp:\/\/vincent.dezeuze.com\/wp-content\/uploads\/2024\/07\/instant-croquis.jpg\u00a0\u00bb title_text=\u00a0\u00bbinstant-croquis\u00a0\u00bb align=\u00a0\u00bbcenter\u00a0\u00bb align_tablet=\u00a0\u00bbcenter\u00a0\u00bb align_phone=\u00a0\u00bbcenter\u00a0\u00bb align_last_edited=\u00a0\u00bbon|desktop\u00a0\u00bb _builder_version=\u00a0\u00bb4.27.0&Prime; max_width=\u00a0\u00bb76%\u00a0\u00bb custom_margin=\u00a0\u00bb0px||\u00a0\u00bb custom_padding=\u00a0\u00bb0px||\u00a0\u00bb global_colors_info=\u00a0\u00bb{}\u00a0\u00bb][\/et_pb_image][et_pb_text _builder_version=\u00a0\u00bb4.16&Prime; custom_margin=\u00a0\u00bb8px||\u00a0\u00bb global_colors_info=\u00a0\u00bb{}\u00a0\u00bb]<\/p>\n<p style=\"text-align: center\">CROQUIS POUR INSTANT 1995, 12x9cm.<\/p>\n<p>[\/et_pb_text][\/et_pb_column][\/et_pb_row][et_pb_row column_structure=\u00a0\u00bb1_2,1_2&Prime; _builder_version=\u00a0\u00bb4.27.0&Prime; custom_padding=\u00a0\u00bb||27px|||\u00a0\u00bb global_colors_info=\u00a0\u00bb{}\u00a0\u00bb][et_pb_column type=\u00a0\u00bb1_2&Prime; _builder_version=\u00a0\u00bb4.16&Prime; custom_padding=\u00a0\u00bb|||\u00a0\u00bb global_colors_info=\u00a0\u00bb{}\u00a0\u00bb custom_padding__hover=\u00a0\u00bb|||\u00a0\u00bb][et_pb_gallery gallery_ids=\u00a0\u00bb1269,1270,1271,1272&Prime; fullwidth=\u00a0\u00bbon\u00a0\u00bb _builder_version=\u00a0\u00bb4.16&Prime; title_font=\u00a0\u00bb||||||||\u00a0\u00bb pagination_font=\u00a0\u00bb||||||||\u00a0\u00bb pagination_text_color=\u00a0\u00bb#000000&Prime; background_color=\u00a0\u00bb#ffffff\u00a0\u00bb text_orientation=\u00a0\u00bbcenter\u00a0\u00bb background_layout=\u00a0\u00bbdark\u00a0\u00bb animation_style=\u00a0\u00bbfade\u00a0\u00bb animation_duration=\u00a0\u00bb300ms\u00a0\u00bb auto=\u00a0\u00bbon\u00a0\u00bb auto_speed=\u00a0\u00bb5000&Prime; global_colors_info=\u00a0\u00bb{}\u00a0\u00bb][\/et_pb_gallery][et_pb_gallery gallery_ids=\u00a0\u00bb2106,2104,2105,2103&Prime; gallery_orderby=\u00a0\u00bbrand\u00a0\u00bb fullwidth=\u00a0\u00bbon\u00a0\u00bb _builder_version=\u00a0\u00bb4.27.0&Prime; _module_preset=\u00a0\u00bbdefault\u00a0\u00bb width=\u00a0\u00bb100%\u00a0\u00bb custom_margin=\u00a0\u00bb0px|||||\u00a0\u00bb animation_style=\u00a0\u00bbfade\u00a0\u00bb animation_duration=\u00a0\u00bb450ms\u00a0\u00bb animation_delay=\u00a0\u00bb600ms\u00a0\u00bb auto=\u00a0\u00bbon\u00a0\u00bb global_colors_info=\u00a0\u00bb{}\u00a0\u00bb][\/et_pb_gallery][et_pb_text _builder_version=\u00a0\u00bb4.27.0&Prime; text_orientation=\u00a0\u00bbcenter\u00a0\u00bb min_height=\u00a0\u00bb53.8px\u00a0\u00bb custom_padding=\u00a0\u00bb1px|||||\u00a0\u00bb global_colors_info=\u00a0\u00bb{}\u00a0\u00bb]<\/p>\n<p style=\"text-align: center;\">\n<p>S\u00e9rie INSTANTS, 210x150cm<\/p>\n<p>[\/et_pb_text][\/et_pb_column][et_pb_column type=\u00a0\u00bb1_2&Prime; _builder_version=\u00a0\u00bb4.27.0&Prime; custom_padding=\u00a0\u00bb|||\u00a0\u00bb global_colors_info=\u00a0\u00bb{}\u00a0\u00bb custom_padding__hover=\u00a0\u00bb|||\u00a0\u00bb][et_pb_testimonial author=\u00a0\u00bbPhilippe LAROUDIE 2001&Prime; portrait_width=\u00a0\u00bb0px\u00a0\u00bb portrait_height=\u00a0\u00bb0px\u00a0\u00bb _builder_version=\u00a0\u00bb4.16&Prime; custom_margin=\u00a0\u00bb6px||\u00a0\u00bb border_radii_portrait=\u00a0\u00bbon|0px|0px|0px|0px\u00a0\u00bb global_colors_info=\u00a0\u00bb{}\u00a0\u00bb]<\/p>\n<p><strong><br \/>SOUFFLE CIRCULAIRE<br \/><\/strong><br \/>Non loin de l\u00e0, la feuille de papier pr\u00e9cieux s\u2019encre, s\u2019imbibe, s\u2019approprie la p\u00e2te. La main gorge l\u2019interstice, bourre le creusement de la gouge, empli le fil du bois, au fil d\u2019un court palpitement. La main trace, brise la ligne, court sur le bois. Premi\u00e8re impression: \u00ab\u00a0Monsieur, avez-vous le sentiment que la division des sens dans l\u2019ordre humain sert votre id\u00e9e d\u2019infini ?&#8230;\u00a0\u00bb. Vincent impose le fil du bois comme ligne de bonne conduite. La mat\u00e9ria prima existe en dehors du sens. \u00abL\u2019oeuvre plastique peut \u00eatre un \u00absupport<br \/> \u00bb de rencontre et d\u2019\u00e9change, elle doit \u00eatre ouverte\u00bb.<\/p>\n<p>Pratique f\u00e9conde&#8230; le trait fait \u00e9clater le bois, le r\u00e9el, le r\u00e9f\u00e9rent. L\u2019art d\u00e9pose sur la surface une ombre. Un n\u00e9gatif qui consigne un \u00e9tat d\u2019\u00e2me, une r\u00e9volution salutaire. Il y a du jeu dans le \u00abtracing\u00bb. L\u2019oeuvre sillonne l\u2019aire d\u2019une communaut\u00e9 o\u00f9 l\u2019art du trait<br \/> pour trait est capital. Corps \u00e0 corps, pulsion de la d\u00e9pense, sens du papier qui offre son grain de peau \u00e0 l\u2019adh\u00e9rence de l\u2019encre. Le temps a perdu la t\u00eate. Vincent Dezeuze \u00e9pure, insiste. Il veut donner \u00e0 voir ce souffle circulaire qui \u00e9gr\u00e8ne le temps&#8230; notre temps de parole sur terre. Temps de r\u00e9flexion et d\u2019\u00e9changes.<\/p>\n<p>A la cicatrice du bois, pans\u00e9e par gomme apaisante et froide, d\u00e9licate salissure, la feuille virginale s\u2019offre. Il faut gauchir. Appuyer.<br \/> L\u2019oeuvre est l\u00e0, couch\u00e9e, violente et glac\u00e9e. \u00abAs-tu peur de la mort face \u00e0 l\u2019esquisse douceur de l\u2019effroyable disparition ?\u00bb La<br \/> jouissance s\u2019est install\u00e9e sur la feuille. Elle est repue de couleur. L\u2019acte est r\u00e9gl\u00e9. L\u2019humanit\u00e9 explore la plume paresseuse. La nuit s\u2019est mise \u00e0 tomber sur l\u2019alphabet tournant de Vincent. Il pleut des \u00e9toiles comme il pleure sur la langue des caract\u00e8res sans importance, en nombre et en discr\u00e9tion.<\/p>\n<p>\u00abQue s\u2019est-il pass\u00e9 r\u00e9ellement ?&#8230; Nous avons laiss\u00e9 tra\u00eener un regard sur des oeuvres capables de d\u00e9placer la lumi\u00e8re&#8230; Une<br \/> sorte de d\u00e9construction du langage convenu, v\u00e9hicule s\u00e9culaire de notre pens\u00e9e&#8230;\u00bb. Apprendre \u00e0 lire par accident. Perdre sa violence, chercher un ailleurs&#8230; A prendre ou \u00e0 \u00e9crire, en marge ou dans l\u2019interligne.<\/p>\n<p>[\/et_pb_testimonial][\/et_pb_column][\/et_pb_row][\/et_pb_section][et_pb_section fb_built=\u00a0\u00bb1&Prime; fullwidth=\u00a0\u00bbon\u00a0\u00bb theme_builder_area=\u00a0\u00bbpost_content\u00a0\u00bb _builder_version=\u00a0\u00bb4.27.0&Prime; _module_preset=\u00a0\u00bbdefault\u00a0\u00bb][et_pb_fullwidth_image src=\u00a0\u00bbhttp:\/\/vincent.dezeuze.com\/wp-content\/uploads\/2024\/08\/04180031.jpg\u00a0\u00bb _builder_version=\u00a0\u00bb4.27.0&Prime; _module_preset=\u00a0\u00bbdefault\u00a0\u00bb theme_builder_area=\u00a0\u00bbpost_content\u00a0\u00bb title_text=\u00a0\u00bbPecs Galerie Hongrie\u00a0\u00bb hover_enabled=\u00a0\u00bb0&Prime; sticky_enabled=\u00a0\u00bb0&Prime;][\/et_pb_fullwidth_image][\/et_pb_section]<\/p>\n","protected":false},"excerpt":{"rendered":"<p>Moment d\u2019ad\u00e9quation, route nocturne, \u00e9tat contemplatif. Il y a une simple \u00e9vidence, tout fonctionne parfaitement, les pi\u00e8ces de l\u2019immense puzzle s\u2019embo\u00eetent id\u00e9alement. Tu captes tout, tu comprends ce qui t\u2019entoure, tu \u00e9changes avec ces mol\u00e9cules s\u00e9culaires, elles t\u2019informent de l\u2019unique et du global. Un instant de lucidit\u00e9 hors du temps, il s\u2019\u00e9vanouit et tu redeviens [&hellip;]<\/p>\n","protected":false},"author":2,"featured_media":0,"parent":0,"menu_order":0,"comment_status":"closed","ping_status":"closed","template":"","meta":{"_et_pb_use_builder":"on","_et_pb_old_content":"Contenu L'instant","_et_gb_content_width":"","footnotes":""},"class_list":["post-741","page","type-page","status-publish","hentry"],"_links":{"self":[{"href":"https:\/\/vincent.dezeuze.com\/index.php\/wp-json\/wp\/v2\/pages\/741","targetHints":{"allow":["GET"]}}],"collection":[{"href":"https:\/\/vincent.dezeuze.com\/index.php\/wp-json\/wp\/v2\/pages"}],"about":[{"href":"https:\/\/vincent.dezeuze.com\/index.php\/wp-json\/wp\/v2\/types\/page"}],"author":[{"embeddable":true,"href":"https:\/\/vincent.dezeuze.com\/index.php\/wp-json\/wp\/v2\/users\/2"}],"replies":[{"embeddable":true,"href":"https:\/\/vincent.dezeuze.com\/index.php\/wp-json\/wp\/v2\/comments?post=741"}],"version-history":[{"count":7,"href":"https:\/\/vincent.dezeuze.com\/index.php\/wp-json\/wp\/v2\/pages\/741\/revisions"}],"predecessor-version":[{"id":2488,"href":"https:\/\/vincent.dezeuze.com\/index.php\/wp-json\/wp\/v2\/pages\/741\/revisions\/2488"}],"wp:attachment":[{"href":"https:\/\/vincent.dezeuze.com\/index.php\/wp-json\/wp\/v2\/media?parent=741"}],"curies":[{"name":"wp","href":"https:\/\/api.w.org\/{rel}","templated":true}]}}