{"id":1625,"date":"2019-03-27T18:31:57","date_gmt":"2019-03-27T17:31:57","guid":{"rendered":"http:\/\/vincentdezeuze.neowp.fr\/?page_id=1625"},"modified":"2024-08-16T19:20:25","modified_gmt":"2024-08-16T17:20:25","slug":"lagravure","status":"publish","type":"page","link":"https:\/\/vincent.dezeuze.com\/","title":{"rendered":"La gravure"},"content":{"rendered":"<p>[et_pb_section fb_built=\u00a0\u00bb1&Prime; admin_label=\u00a0\u00bbsection\u00a0\u00bb _builder_version=\u00a0\u00bb4.16&Prime; global_colors_info=\u00a0\u00bb{}\u00a0\u00bb][et_pb_row admin_label=\u00a0\u00bbrow\u00a0\u00bb _builder_version=\u00a0\u00bb4.16&Prime; background_size=\u00a0\u00bbinitial\u00a0\u00bb background_position=\u00a0\u00bbtop_left\u00a0\u00bb background_repeat=\u00a0\u00bbrepeat\u00a0\u00bb custom_margin=\u00a0\u00bb0px||\u00a0\u00bb custom_padding=\u00a0\u00bb5px||\u00a0\u00bb global_colors_info=\u00a0\u00bb{}\u00a0\u00bb][et_pb_column type=\u00a0\u00bb4_4&Prime; _builder_version=\u00a0\u00bb4.16&Prime; custom_padding=\u00a0\u00bb|||\u00a0\u00bb global_colors_info=\u00a0\u00bb{}\u00a0\u00bb custom_padding__hover=\u00a0\u00bb|||\u00a0\u00bb][et_pb_text admin_label=\u00a0\u00bbText\u00a0\u00bb _builder_version=\u00a0\u00bb4.16&Prime; background_size=\u00a0\u00bbinitial\u00a0\u00bb background_position=\u00a0\u00bbtop_left\u00a0\u00bb background_repeat=\u00a0\u00bbrepeat\u00a0\u00bb custom_margin=\u00a0\u00bb|||\u00a0\u00bb global_colors_info=\u00a0\u00bb{}\u00a0\u00bb]A propos de la gravure actuelle<\/p>\n<p>La gravure traditionnelle entretenait des rapports \u00e9troits avec le livre, elle existait avant tout comme moyen de reproduction. Li\u00e9e \u00e0 la peinture et aux autres formes d&rsquo;arts plastiques, elle les reproduisait et les diffusait au sein du livre.Aujourd&rsquo;hui les moyens de reproduction sont multiples et d&rsquo;une redoutable fid\u00e9lit\u00e9.<br \/>\nLa gravure en profite pour retrouver sa valeur de m\u00e9dium d&rsquo;expression picturale. Il ne s&rsquo;agit plus de reproduire une image existante sur une planche et de l&rsquo;imprimer (gravure de reproduction) mais de travailler directement la mati\u00e8re m\u00eame de cette planche (gravure originale).<\/p>\n<p>Le fa\u00e7onnage de la matrice est un travail particulier qui pourrait \u00eatre \u00e0 mi-chemin entre celui du sculpteur et celui du peintre dessinateur. La gravure se lib\u00e8re en partie des contraintes techniques, la reproduction fid\u00e8le \u00ab\u00a0au trait\u00a0\u00bb n&rsquo;\u00e9tant plus d&rsquo;actualit\u00e9, on peut laisser la matrice traditionnelle en m\u00e9tal pour exp\u00e9rimenter toutes sortes de mat\u00e9riaux (lino, contreplaqu\u00e9, enduit polyester etc.) ce qui permet de travailler en toute libert\u00e9, obtenant ainsi une grande spontan\u00e9it\u00e9 dans la r\u00e9alisation des estampes.<\/p>\n<p>Le tirage d&rsquo;une gravure est un travail artisanal fait d&rsquo;une s\u00e9rie de manipulations : encrage essuyage et passage sous presse. Lors d&rsquo;un tirage limit\u00e9, cette succession d&rsquo;\u00e9tapes manuelles fait que chaque \u00e9preuve imprim\u00e9e poss\u00e8de un caract\u00e8re unique (diff\u00e9rences d&rsquo;encrage, d&rsquo;essuyage ou de vitesse de rotation de la presse). Avec une seule matrice, on peut obtenir des r\u00e9sultats tr\u00e8s diff\u00e9rents, dans un m\u00eame tirage chaque estampe a valeur d&rsquo;original, il n&rsquo;est plus question de reproduction en grand nombre, mais de cr\u00e9ation \u00e0 part enti\u00e8re.[\/et_pb_text][et_pb_testimonial author=\u00a0\u00bbSerge Bramly\u00a0\u00bb portrait_url=\u00a0\u00bbhttp:\/\/vincent.dezeuze.com\/wp-content\/uploads\/2024\/07\/manholecoverred.jpg\u00a0\u00bb _builder_version=\u00a0\u00bb4.27.0&Prime; custom_margin=\u00a0\u00bb25px||\u00a0\u00bb global_colors_info=\u00a0\u00bb{}\u00a0\u00bb]<\/p>\n<p>La gravure est par nature le lieu privil\u00e9gi\u00e9 du non-dit, de l&rsquo;ind\u00e9cis cr\u00e9pusculaire, du non-finito \u00e0 la Rembrandt, de la mati\u00e8re embryonnaire. La critique a not\u00e9 qu&rsquo;elle a exprim\u00e9 mieux que le crayon ou l&rsquo;huile, les r\u00eaves et les pens\u00e9es intimes, qu&rsquo;elle a servi magistralement le Symbolisme, l&rsquo;Expressionnisme, le surr\u00e9alisme.<\/p>\n<p>[\/et_pb_testimonial][\/et_pb_column][\/et_pb_row][\/et_pb_section][et_pb_section fb_built=\u00a0\u00bb1&Prime; fullwidth=\u00a0\u00bbon\u00a0\u00bb _builder_version=\u00a0\u00bb4.27.0&Prime; _module_preset=\u00a0\u00bbdefault\u00a0\u00bb global_colors_info=\u00a0\u00bb{}\u00a0\u00bb][et_pb_fullwidth_image src=\u00a0\u00bbhttp:\/\/vincent.dezeuze.com\/wp-content\/uploads\/2024\/08\/grande-ourse.jpg\u00a0\u00bb title_text=\u00a0\u00bbgrande-ourse\u00a0\u00bb _builder_version=\u00a0\u00bb4.27.0&Prime; _module_preset=\u00a0\u00bbdefault\u00a0\u00bb hover_enabled=\u00a0\u00bb0&Prime; global_colors_info=\u00a0\u00bb{}\u00a0\u00bb sticky_enabled=\u00a0\u00bb0&Prime;][\/et_pb_fullwidth_image][\/et_pb_section][et_pb_section fb_built=\u00a0\u00bb1&Prime; admin_label=\u00a0\u00bbsection\u00a0\u00bb _builder_version=\u00a0\u00bb4.16&Prime; global_colors_info=\u00a0\u00bb{}\u00a0\u00bb][et_pb_row admin_label=\u00a0\u00bbrow\u00a0\u00bb _builder_version=\u00a0\u00bb4.16&Prime; background_size=\u00a0\u00bbinitial\u00a0\u00bb background_position=\u00a0\u00bbtop_left\u00a0\u00bb background_repeat=\u00a0\u00bbrepeat\u00a0\u00bb custom_margin=\u00a0\u00bb0px||\u00a0\u00bb custom_padding=\u00a0\u00bb5px||\u00a0\u00bb global_colors_info=\u00a0\u00bb{}\u00a0\u00bb][et_pb_column type=\u00a0\u00bb4_4&Prime; _builder_version=\u00a0\u00bb4.16&Prime; custom_padding=\u00a0\u00bb|||\u00a0\u00bb global_colors_info=\u00a0\u00bb{}\u00a0\u00bb custom_padding__hover=\u00a0\u00bb|||\u00a0\u00bb][et_pb_text admin_label=\u00a0\u00bbText\u00a0\u00bb _builder_version=\u00a0\u00bb4.16&Prime; background_size=\u00a0\u00bbinitial\u00a0\u00bb background_position=\u00a0\u00bbtop_left\u00a0\u00bb background_repeat=\u00a0\u00bbrepeat\u00a0\u00bb custom_margin=\u00a0\u00bb|||\u00a0\u00bb global_colors_info=\u00a0\u00bb{}\u00a0\u00bb]Pourquoi user du m\u00e9dium \u201cgravure\u201d aujourd\u2019hui?<\/p>\n<p>La gravure est \u00e9troitement li\u00e9e \u00e0 la civilisation humaine. C\u2019est le m\u00e9dium le plus primitif et le plus contemporain. Les premi\u00e8res empreintes de mains dans les grottes, estampes primitives, sont aujourd\u2019hui r\u00e9f\u00e9renc\u00e9es et stock\u00e9es sur de petites galettes de plastique grav\u00e9. Ce cd-rom, gravure contemporaine, est lui-m\u00eame r\u00e9alis\u00e9 par un de nos ordinateurs, assemblage de circuits imprim\u00e9s (descendants directs de la gravure sur cuivre traditionnelle.) Le coeur de l\u2019ordinateur n\u2019est autre chose qu\u2019une plaquette de silicium grav\u00e9, il y a l\u00e0 un myst\u00e8re qui n\u2019a pas fini d\u2019intriguer l\u2019homme.<br \/>\nLe r\u00f4le de la gravure dans l\u2019\u00e9volution humaine n\u2019est pas n\u00e9gligeable, support de diffusion avec le livre, support de m\u00e9moire auditive et visuelle\u2026<\/p>\n<p>Si l\u2019on s\u2019int\u00e9resse aux math\u00e9matiques, on a envie de rapprocher la gravure et le nombre 26.<br \/>\n26 est le seul nombre plac\u00e9 entre un carr\u00e9 (25 = 5 au carr\u00e9) et un cube (27 = 3 au cube.) L\u2019action d\u2019imprimer symbolise ce passage de trois \u00e0 deux dimensions, on travaille sur un objet en volume pour l\u2019imprimer sur une surface plane. La cabale nous dit que le nombre 26 correspond au mot \u00ab existence \u00bb, comment comprendre le geste de l\u2019homme pal\u00e9olithique imprimant sa main sur le mur, n\u2019est ce pas une mani\u00e8re de prouver son existence, d\u2019en laisser une trace.<br \/>\nToute cette charge historique et \u00e9motionnelle contribue \u00e0 faire de la gravure un m\u00e9dium toujours aussi fascinant.<\/p>\n<p>Aujourd\u2019hui l\u2019estampe contemporaine est depuis longtemps lib\u00e9r\u00e9e de ses contraintes de reproduction et de fid\u00e9lit\u00e9, les machines offset et les imprimantes laser se chargent de la r\u00e9alit\u00e9 ultra-rapide. La gravure en profite pour revendiquer la \u00ab lenteur \u00bb de sa conception (actuellement le luxe n\u2019est-il pas de prendre le temps de faire ?) L\u2019estampe compl\u00e8te l\u2019imprimerie num\u00e9rique par sa r\u00e9f\u00e9rence aux sens ; le toucher, la vue et m\u00eame l\u2019odorat sont mis en \u00e9veil par ce m\u00e9dium sensuel. L\u2019\u00e9ventail des supports imprimants comme celui des supports imprim\u00e9s est extr\u00eamement vaste, la gravure actuelle se pr\u00eate \u00e0 tous les d\u00e9tournements.<br \/>\nLe champ des pistes \u00e0 d\u00e9couvrir est encore immense et la musique de la gravure attire toujours les artistes.[\/et_pb_text][et_pb_testimonial author=\u00a0\u00bbFelix Brunner\u00a0\u00bb portrait_url=\u00a0\u00bbhttp:\/\/vincent.dezeuze.com\/wp-content\/uploads\/2024\/07\/cropped-labyrinthe2.jpg\u00a0\u00bb _builder_version=\u00a0\u00bb4.27.0&Prime; custom_margin=\u00a0\u00bb25px||\u00a0\u00bb global_colors_info=\u00a0\u00bb{}\u00a0\u00bb]<\/p>\n<p>Les vrais artistes pratiquent la gravure moins en raison de la multiplication des \u00e9preuves que pour les possibilit\u00e9s plastiques qu\u2019offre le mat\u00e9riau et l\u2019outillage employ\u00e9s. La satisfaction que donne la difficult\u00e9 vaincue, la joie d\u2019un nouveau tour plastique et finalement l\u2019\u00e9preuve r\u00e9ussie, voil\u00e0 la r\u00e9compense de l\u2019artiste.<br \/>Le fa\u00e7onnage d\u2019une plaque imprimante en cuivre, en bois ou en pierre est plus proche de la sculpture que de la peinture. Ce n\u2019est pas par hasard que la gravure attire particuli\u00e8rement les sculpteurs. Le travail du graveur et celui du peintre sont \u00e0 certains \u00e9gards aux antipodes. Le pinceau tendre est conduit en surface sans r\u00e9sistance aucune. Crayon, plume, pointe d\u2019aquafortiste, plus durs, laissent des signes plus nets sur les plans travaill\u00e9s. Burin, pointe s\u00e8che, gouge, sont des outils qui modifient les surfaces en profondeur. Au contraire du pinceau, leur maniement demandent l\u2019effort physique. Cet effort s\u2019exprime par la forme graphique correspondante.<\/p>\n<p>[\/et_pb_testimonial][\/et_pb_column][\/et_pb_row][\/et_pb_section][et_pb_section fb_built=\u00a0\u00bb1&Prime; admin_label=\u00a0\u00bbsection\u00a0\u00bb _builder_version=\u00a0\u00bb4.16&Prime; global_colors_info=\u00a0\u00bb{}\u00a0\u00bb][et_pb_row admin_label=\u00a0\u00bbrow\u00a0\u00bb _builder_version=\u00a0\u00bb4.16&Prime; background_size=\u00a0\u00bbinitial\u00a0\u00bb background_position=\u00a0\u00bbtop_left\u00a0\u00bb background_repeat=\u00a0\u00bbrepeat\u00a0\u00bb custom_margin=\u00a0\u00bb0px||\u00a0\u00bb custom_padding=\u00a0\u00bb5px||\u00a0\u00bb global_colors_info=\u00a0\u00bb{}\u00a0\u00bb][et_pb_column type=\u00a0\u00bb4_4&Prime; _builder_version=\u00a0\u00bb4.16&Prime; custom_padding=\u00a0\u00bb|||\u00a0\u00bb global_colors_info=\u00a0\u00bb{}\u00a0\u00bb custom_padding__hover=\u00a0\u00bb|||\u00a0\u00bb][et_pb_text admin_label=\u00a0\u00bbText\u00a0\u00bb _builder_version=\u00a0\u00bb4.16&Prime; background_size=\u00a0\u00bbinitial\u00a0\u00bb background_position=\u00a0\u00bbtop_left\u00a0\u00bb background_repeat=\u00a0\u00bbrepeat\u00a0\u00bb custom_margin=\u00a0\u00bb|||\u00a0\u00bb global_colors_info=\u00a0\u00bb{}\u00a0\u00bb]Qu&rsquo;est ce que le primitif de l&rsquo;\u00e8re post-atomique retrouvera de notre civilisation \u00e9lectronique ?<\/p>\n<p>Une petite puce de silicium grav\u00e9 ayant r\u00e9sist\u00e9 \u00e0 la chaleur infernale ? Cette micro m\u00e9moire contiendra peut-\u00eatre une chanson de Mickey 3D, un manuscrit de la renaissance dactylographi\u00e9 avec une police de caract\u00e8re \u00ab times new roman \u00bb ou la comptabilit\u00e9 de quelque marchand d&rsquo;armes !<\/p>\n<p>Bref, ce nouvel avatar de l&rsquo;homo sapiens-sapiens s&rsquo;en fera un bijou (l&rsquo;utile futile) et ira imprimer quelques mains sur la pierre pour f\u00eater sa trouvaille, tout en ressentant confus\u00e9ment qu&rsquo;il porte autour du cou l&rsquo;explication de sa pr\u00e9sence sur cette terre en recommencement.[\/et_pb_text][\/et_pb_column][\/et_pb_row][\/et_pb_section]<\/p>\n","protected":false},"excerpt":{"rendered":"<p>A propos de la gravure actuelle La gravure traditionnelle entretenait des rapports \u00e9troits avec le livre, elle existait avant tout comme moyen de reproduction. Li\u00e9e \u00e0 la peinture et aux autres formes d&rsquo;arts plastiques, elle les reproduisait et les diffusait au sein du livre.Aujourd&rsquo;hui les moyens de reproduction sont multiples et d&rsquo;une redoutable fid\u00e9lit\u00e9. La [&hellip;]<\/p>\n","protected":false},"author":2,"featured_media":0,"parent":0,"menu_order":0,"comment_status":"closed","ping_status":"closed","template":"","meta":{"_et_pb_use_builder":"on","_et_pb_old_content":"","_et_gb_content_width":"","footnotes":""},"class_list":["post-1625","page","type-page","status-publish","hentry"],"_links":{"self":[{"href":"https:\/\/vincent.dezeuze.com\/index.php\/wp-json\/wp\/v2\/pages\/1625","targetHints":{"allow":["GET"]}}],"collection":[{"href":"https:\/\/vincent.dezeuze.com\/index.php\/wp-json\/wp\/v2\/pages"}],"about":[{"href":"https:\/\/vincent.dezeuze.com\/index.php\/wp-json\/wp\/v2\/types\/page"}],"author":[{"embeddable":true,"href":"https:\/\/vincent.dezeuze.com\/index.php\/wp-json\/wp\/v2\/users\/2"}],"replies":[{"embeddable":true,"href":"https:\/\/vincent.dezeuze.com\/index.php\/wp-json\/wp\/v2\/comments?post=1625"}],"version-history":[{"count":3,"href":"https:\/\/vincent.dezeuze.com\/index.php\/wp-json\/wp\/v2\/pages\/1625\/revisions"}],"predecessor-version":[{"id":2520,"href":"https:\/\/vincent.dezeuze.com\/index.php\/wp-json\/wp\/v2\/pages\/1625\/revisions\/2520"}],"wp:attachment":[{"href":"https:\/\/vincent.dezeuze.com\/index.php\/wp-json\/wp\/v2\/media?parent=1625"}],"curies":[{"name":"wp","href":"https:\/\/api.w.org\/{rel}","templated":true}]}}