{"id":1478,"date":"2019-03-20T16:15:26","date_gmt":"2019-03-20T15:15:26","guid":{"rendered":"http:\/\/vincentdezeuze.neowp.fr\/?page_id=1478"},"modified":"2024-08-16T17:38:37","modified_gmt":"2024-08-16T15:38:37","slug":"labyrinthe","status":"publish","type":"page","link":"https:\/\/vincent.dezeuze.com\/index.php\/labyrinthe\/","title":{"rendered":"Labyrinthe"},"content":{"rendered":"<p>[et_pb_section fb_built=\u00a0\u00bb1&Prime; _builder_version=\u00a0\u00bb4.16&Prime; global_colors_info=\u00a0\u00bb{}\u00a0\u00bb][et_pb_row _builder_version=\u00a0\u00bb4.16&Prime; custom_margin=\u00a0\u00bb||\u00a0\u00bb custom_padding=\u00a0\u00bb8px||\u00a0\u00bb global_colors_info=\u00a0\u00bb{}\u00a0\u00bb][et_pb_column type=\u00a0\u00bb4_4&Prime; _builder_version=\u00a0\u00bb4.16&Prime; custom_padding=\u00a0\u00bb|||\u00a0\u00bb global_colors_info=\u00a0\u00bb{}\u00a0\u00bb custom_padding__hover=\u00a0\u00bb|||\u00a0\u00bb][et_pb_text _builder_version=\u00a0\u00bb4.16&Prime; text_font=\u00a0\u00bb||||||||\u00a0\u00bb custom_margin=\u00a0\u00bb|15px||\u00a0\u00bb global_colors_info=\u00a0\u00bb{}\u00a0\u00bb]<\/p>\n<p><strong>D\u00c9DALE<\/strong><br \/>Pourquoi \u00eatre entr\u00e9 dans cette enceinte ?<br \/> Depuis plusieurs heures, il longeait les coursives, le souvenir du ciel, dehors, attisait ses regrets.<br \/> \u00c0 chaque bout de couloir, plusieurs possibilit\u00e9s le d\u00e9tournaient de l\u2019itin\u00e9raire initial.<br \/> Dans le d\u00e9dale de son cerveau, les informations n\u2019arrivaient pas non plus \u00e0 choisir leur voie.<br \/> Un nouveau corridor, de nouvelles portes \u00e0 choix multiples, un nouveau d\u00e9tournement\u2026<br \/> La premi\u00e8re ic\u00f4ne d\u2019un labyrinthe repr\u00e9sentait-elle un intestin, un cerveau ?<br \/> Ce fut en tout cas un signe de protection, plac\u00e9 parfois \u00e0 l\u2019entr\u00e9e des habitations, destin\u00e9 \u00e0 perdre les mauvais g\u00e9nies.<\/p>\n<p>[\/et_pb_text][\/et_pb_column][\/et_pb_row][et_pb_row column_structure=\u00a0\u00bb3_4,1_4&Prime; _builder_version=\u00a0\u00bb4.16&Prime; global_colors_info=\u00a0\u00bb{}\u00a0\u00bb][et_pb_column type=\u00a0\u00bb3_4&Prime; _builder_version=\u00a0\u00bb4.16&Prime; custom_padding=\u00a0\u00bb|||\u00a0\u00bb global_colors_info=\u00a0\u00bb{}\u00a0\u00bb custom_padding__hover=\u00a0\u00bb|||\u00a0\u00bb][et_pb_testimonial portrait_width=\u00a0\u00bb0px\u00a0\u00bb portrait_height=\u00a0\u00bb0px\u00a0\u00bb _builder_version=\u00a0\u00bb4.16&Prime; custom_margin=\u00a0\u00bb0px|20px||\u00a0\u00bb border_radii_portrait=\u00a0\u00bbon|0px|0px|0px|0px\u00a0\u00bb global_colors_info=\u00a0\u00bb{}\u00a0\u00bb]<\/p>\n<p><strong>Labyrinthe :<\/strong> Vaste \u00e9difice comprenant d\u2019innombrables salles agenc\u00e9es de telle mani\u00e8re que l\u2019on ne trouve que difficilement l\u2019issue, un trac\u00e9 sinueux, muni ou non d\u2019embranchements, d\u2019impasses et de fausses pistes, destin\u00e9 \u00e0 perdre ou \u00e0 ralentir celui qui s\u2019y d\u00e9place.<\/p>\n<p>Ensemble des parties qui composent l\u2019oreille interne (lima\u00e7on ou cochl\u00e9e, vestibule et canaux semi-circulaires).<\/p>\n<p>Le symbole complexe du labyrinthe dans lequel un h\u00e9ros ou une h\u00e9ro\u00efne doit s\u2019engager (notamment labyrinthe de Cr\u00e8te dans le mythe grec du h\u00e9ros Th\u00e9s\u00e9e), repr\u00e9sente le passage du monde profane au monde sacr\u00e9, le voyage \u00e0 travers les \u00e9preuves de la vie jusqu\u2019au coeur m\u00eame de l\u2019illumination. Pour parvenir \u00e0 ce stade ultime de l\u2019\u00e9volution spirituelle, il est n\u00e9cessaire de ma\u00eetriser les aspects sombres de la nature humaine, figur\u00e9s par le monstre tapi au coeur m\u00eame du labyrinthe (le Minotaure tu\u00e9 par Th\u00e9s\u00e9e). Une fois le but atteint, la sortie ne pose plus de difficult\u00e9s : Th\u00e9s\u00e9e n\u2019eut qu\u2019\u00e0 suivre le fil que lui avait offert la princesse Ariane.<\/p>\n<p>La figure du labyrinthe est parfois aussi consid\u00e9r\u00e9e comme un mandala, symbole oriental du cosmos r\u00e9pandu en Orient, dont la fonction est d\u2019aider le m\u00e9ditant \u00e0 d\u00e9couvrir sa vraie nature spirituelle et personnelle, le centre de son \u00eatre.<\/p>\n<p>[\/et_pb_testimonial][\/et_pb_column][et_pb_column type=\u00a0\u00bb1_4&Prime; _builder_version=\u00a0\u00bb4.16&Prime; custom_padding=\u00a0\u00bb|||\u00a0\u00bb global_colors_info=\u00a0\u00bb{}\u00a0\u00bb custom_padding__hover=\u00a0\u00bb|||\u00a0\u00bb][et_pb_image src=\u00a0\u00bbhttp:\/\/vincent.dezeuze.com\/wp-content\/uploads\/2024\/07\/labyrinthe1.jpg\u00a0\u00bb title_text=\u00a0\u00bblabyrinthe1&Prime; show_in_lightbox=\u00a0\u00bbon\u00a0\u00bb align_tablet=\u00a0\u00bbcenter\u00a0\u00bb align_phone=\u00a0\u00bbcenter\u00a0\u00bb align_last_edited=\u00a0\u00bbon|desktop\u00a0\u00bb _builder_version=\u00a0\u00bb4.27.0&Prime; global_colors_info=\u00a0\u00bb{}\u00a0\u00bb][\/et_pb_image][et_pb_text _builder_version=\u00a0\u00bb4.16&Prime; custom_margin=\u00a0\u00bb8px||\u00a0\u00bb global_colors_info=\u00a0\u00bb{}\u00a0\u00bb]<\/p>\n<p style=\"text-align: center\">LABYRINTHE 2012, 8X19X19 cm<\/p>\n<p>[\/et_pb_text][\/et_pb_column][\/et_pb_row][et_pb_row column_structure=\u00a0\u00bb1_2,1_2&Prime; _builder_version=\u00a0\u00bb4.27.0&Prime; hover_enabled=\u00a0\u00bb0&Prime; global_colors_info=\u00a0\u00bb{}\u00a0\u00bb sticky_enabled=\u00a0\u00bb0&Prime; min_height=\u00a0\u00bb581.2px\u00a0\u00bb][et_pb_column type=\u00a0\u00bb1_2&Prime; _builder_version=\u00a0\u00bb4.27.0&Prime; custom_padding=\u00a0\u00bb|||\u00a0\u00bb global_colors_info=\u00a0\u00bb{}\u00a0\u00bb custom_padding__hover=\u00a0\u00bb|||\u00a0\u00bb][et_pb_image src=\u00a0\u00bbhttp:\/\/vincent.dezeuze.com\/wp-content\/uploads\/2024\/08\/Labyrinthe2002-scaled.jpg\u00a0\u00bb title_text=\u00a0\u00bbLabyrinthe2002&Prime; show_in_lightbox=\u00a0\u00bbon\u00a0\u00bb align_tablet=\u00a0\u00bbcenter\u00a0\u00bb align_phone=\u00a0\u00bbcenter\u00a0\u00bb align_last_edited=\u00a0\u00bbon|desktop\u00a0\u00bb _builder_version=\u00a0\u00bb4.27.0&Prime; width=\u00a0\u00bb75%\u00a0\u00bb hover_enabled=\u00a0\u00bb0&Prime; global_colors_info=\u00a0\u00bb{}\u00a0\u00bb sticky_enabled=\u00a0\u00bb0&Prime;][\/et_pb_image][et_pb_text _builder_version=\u00a0\u00bb4.16&Prime; custom_margin=\u00a0\u00bb8px|116px||||\u00a0\u00bb custom_padding=\u00a0\u00bb0px||51px|||\u00a0\u00bb global_colors_info=\u00a0\u00bb{}\u00a0\u00bb]<\/p>\n<p style=\"text-align: center\">LABYRINTHE 2002, 65X50 cm<\/p>\n<p>[\/et_pb_text][\/et_pb_column][et_pb_column _builder_version=\u00a0\u00bb4.27.0&Prime; _module_preset=\u00a0\u00bbdefault\u00a0\u00bb type=\u00a0\u00bb1_2&Prime;][et_pb_image src=\u00a0\u00bbhttp:\/\/vincent.dezeuze.com\/wp-content\/uploads\/2024\/07\/labyrinthe.jpg\u00a0\u00bb title_text=\u00a0\u00bblabyrinthe\u00a0\u00bb show_in_lightbox=\u00a0\u00bbon\u00a0\u00bb align=\u00a0\u00bbcenter\u00a0\u00bb align_tablet=\u00a0\u00bbcenter\u00a0\u00bb align_phone=\u00a0\u00bbcenter\u00a0\u00bb align_last_edited=\u00a0\u00bbon|desktop\u00a0\u00bb _builder_version=\u00a0\u00bb4.27.0&Prime; width=\u00a0\u00bb100%\u00a0\u00bb max_width=\u00a0\u00bb100%\u00a0\u00bb module_alignment=\u00a0\u00bbcenter\u00a0\u00bb custom_margin=\u00a0\u00bb|||\u00a0\u00bb hover_enabled=\u00a0\u00bb0&Prime; global_colors_info=\u00a0\u00bb{}\u00a0\u00bb sticky_enabled=\u00a0\u00bb0&Prime;][\/et_pb_image][et_pb_text _builder_version=\u00a0\u00bb4.27.0&Prime; custom_margin=\u00a0\u00bb15px||\u00a0\u00bb hover_enabled=\u00a0\u00bb0&Prime; global_colors_info=\u00a0\u00bb{}\u00a0\u00bb sticky_enabled=\u00a0\u00bb0&Prime;]<\/p>\n<p style=\"text-align: center;\"><span style=\"caret-color: #666666; color: #666666; font-family: 'Open Sans', Arial, sans-serif; font-size: 14px; font-style: normal; font-variant-caps: normal; font-weight: 500; letter-spacing: normal; orphans: auto; text-align: left; text-indent: 0px; text-transform: none; white-space: normal; widows: auto; word-spacing: 0px; -webkit-text-size-adjust: auto; -webkit-text-stroke-width: 0px; background-color: #ffffff; text-decoration: none; display: inline !important; float: none;\">\u00ab\u00a0A maze amazing\u00a0\u00bb 2011 (impression laser) 23x23cm.\u2028 26 exemplaires<\/span><\/p>\n<p>[\/et_pb_text][\/et_pb_column][\/et_pb_row][et_pb_row _builder_version=\u00a0\u00bb4.27.0&Prime; _module_preset=\u00a0\u00bbdefault\u00a0\u00bb custom_margin=\u00a0\u00bb|auto||auto|false|false\u00a0\u00bb hover_enabled=\u00a0\u00bb0&Prime; sticky_enabled=\u00a0\u00bb0&Prime; custom_padding=\u00a0\u00bb0px||0px||false|false\u00a0\u00bb module_alignment=\u00a0\u00bbcenter\u00a0\u00bb][et_pb_column _builder_version=\u00a0\u00bb4.27.0&Prime; _module_preset=\u00a0\u00bbdefault\u00a0\u00bb type=\u00a0\u00bb4_4&Prime;][et_pb_text _builder_version=\u00a0\u00bb4.27.0&Prime; _module_preset=\u00a0\u00bbdefault\u00a0\u00bb hover_enabled=\u00a0\u00bb0&Prime; sticky_enabled=\u00a0\u00bb0&Prime; min_height=\u00a0\u00bb16.8px\u00a0\u00bb text_orientation=\u00a0\u00bbcenter\u00a0\u00bb]<\/p>\n<p>AMAZING 2021, <span style=\"caret-color: #666666; color: #666666; font-family: 'Open Sans', Arial, sans-serif; font-size: 14px; font-style: normal; font-variant-caps: normal; font-weight: 500; letter-spacing: normal; orphans: auto; text-align: left; text-indent: 0px; text-transform: none; white-space: normal; widows: auto; word-spacing: 0px; -webkit-text-size-adjust: auto; -webkit-text-stroke-width: 0px; background-color: #ffffff; text-decoration: none; display: inline !important; float: none;\">Toile intiss\u00e9e imprim\u00e9e \/ Bois br\u00fbl\u00e9<\/span> 800&#215;800 cm<\/p>\n<p>[\/et_pb_text][\/et_pb_column][\/et_pb_row][\/et_pb_section][et_pb_section fb_built=\u00a0\u00bb1&Prime; fullwidth=\u00a0\u00bbon\u00a0\u00bb theme_builder_area=\u00a0\u00bbpost_content\u00a0\u00bb _builder_version=\u00a0\u00bb4.27.0&Prime; _module_preset=\u00a0\u00bbdefault\u00a0\u00bb custom_margin=\u00a0\u00bb-50px||||false|false\u00a0\u00bb hover_enabled=\u00a0\u00bb0&Prime; sticky_enabled=\u00a0\u00bb0&Prime;][et_pb_fullwidth_image src=\u00a0\u00bbhttp:\/\/vincent.dezeuze.com\/wp-content\/uploads\/2024\/08\/IMG_3398-scaled.jpg\u00a0\u00bb _builder_version=\u00a0\u00bb4.27.0&Prime; _module_preset=\u00a0\u00bbdefault\u00a0\u00bb theme_builder_area=\u00a0\u00bbpost_content\u00a0\u00bb hover_enabled=\u00a0\u00bb0&Prime; sticky_enabled=\u00a0\u00bb0&Prime; title_text=\u00a0\u00bbAmazing 2021&Prime;][\/et_pb_fullwidth_image][\/et_pb_section]<\/p>\n","protected":false},"excerpt":{"rendered":"<p>D\u00c9DALEPourquoi \u00eatre entr\u00e9 dans cette enceinte ? Depuis plusieurs heures, il longeait les coursives, le souvenir du ciel, dehors, attisait ses regrets. \u00c0 chaque bout de couloir, plusieurs possibilit\u00e9s le d\u00e9tournaient de l\u2019itin\u00e9raire initial. Dans le d\u00e9dale de son cerveau, les informations n\u2019arrivaient pas non plus \u00e0 choisir leur voie. Un nouveau corridor, de nouvelles [&hellip;]<\/p>\n","protected":false},"author":2,"featured_media":0,"parent":0,"menu_order":0,"comment_status":"closed","ping_status":"closed","template":"","meta":{"_et_pb_use_builder":"on","_et_pb_old_content":"","_et_gb_content_width":"","footnotes":""},"class_list":["post-1478","page","type-page","status-publish","hentry"],"_links":{"self":[{"href":"https:\/\/vincent.dezeuze.com\/index.php\/wp-json\/wp\/v2\/pages\/1478","targetHints":{"allow":["GET"]}}],"collection":[{"href":"https:\/\/vincent.dezeuze.com\/index.php\/wp-json\/wp\/v2\/pages"}],"about":[{"href":"https:\/\/vincent.dezeuze.com\/index.php\/wp-json\/wp\/v2\/types\/page"}],"author":[{"embeddable":true,"href":"https:\/\/vincent.dezeuze.com\/index.php\/wp-json\/wp\/v2\/users\/2"}],"replies":[{"embeddable":true,"href":"https:\/\/vincent.dezeuze.com\/index.php\/wp-json\/wp\/v2\/comments?post=1478"}],"version-history":[{"count":3,"href":"https:\/\/vincent.dezeuze.com\/index.php\/wp-json\/wp\/v2\/pages\/1478\/revisions"}],"predecessor-version":[{"id":2496,"href":"https:\/\/vincent.dezeuze.com\/index.php\/wp-json\/wp\/v2\/pages\/1478\/revisions\/2496"}],"wp:attachment":[{"href":"https:\/\/vincent.dezeuze.com\/index.php\/wp-json\/wp\/v2\/media?parent=1478"}],"curies":[{"name":"wp","href":"https:\/\/api.w.org\/{rel}","templated":true}]}}