{"id":1294,"date":"2019-03-15T18:52:09","date_gmt":"2019-03-15T17:52:09","guid":{"rendered":"http:\/\/vincentdezeuze.neowp.fr\/?page_id=1294"},"modified":"2024-08-12T17:01:38","modified_gmt":"2024-08-12T15:01:38","slug":"le-ruban-de-linfini","status":"publish","type":"page","link":"https:\/\/vincent.dezeuze.com\/index.php\/le-ruban-de-linfini\/","title":{"rendered":"Le Ruban de l&rsquo;infini"},"content":{"rendered":"<p>[et_pb_section fb_built=\u00a0\u00bb1&Prime; _builder_version=\u00a0\u00bb4.16&Prime; global_colors_info=\u00a0\u00bb{}\u00a0\u00bb][et_pb_row _builder_version=\u00a0\u00bb4.16&Prime; global_colors_info=\u00a0\u00bb{}\u00a0\u00bb][et_pb_column type=\u00a0\u00bb4_4&Prime; _builder_version=\u00a0\u00bb4.16&Prime; custom_padding=\u00a0\u00bb|||\u00a0\u00bb global_colors_info=\u00a0\u00bb{}\u00a0\u00bb custom_padding__hover=\u00a0\u00bb|||\u00a0\u00bb][et_pb_text _builder_version=\u00a0\u00bb4.16&Prime; text_font=\u00a0\u00bb||||||||\u00a0\u00bb global_colors_info=\u00a0\u00bb{}\u00a0\u00bb]<\/p>\n<p style=\"text-align: justify\">Tous un peu Sisyphe nous parcouront ind\u00e9finiment cette surface unique. <br \/>\u00c9l\u00e9gant volume flottant dans l\u2019espace, ce ruban, \u00e0 l\u2019\u00e9chelle humaine, devient un chemin pi\u00e9tonnier sans fin.<br \/> Comme le symbole de l\u2019infini que l\u2019on retrouve sur certains papiers chiffons destin\u00e9s \u00e0 la gravure, le ruban de Moebius est une curiosit\u00e9 math\u00e9matique qui fait d\u2019un volume une surface unique.<\/p>\n<p>[\/et_pb_text][\/et_pb_column][\/et_pb_row][et_pb_row column_structure=\u00a0\u00bb1_2,1_2&Prime; _builder_version=\u00a0\u00bb4.27.0&Prime; custom_padding=\u00a0\u00bb||0px\u00a0\u00bb global_colors_info=\u00a0\u00bb{}\u00a0\u00bb][et_pb_column type=\u00a0\u00bb1_2&Prime; _builder_version=\u00a0\u00bb4.16&Prime; custom_padding=\u00a0\u00bb|||\u00a0\u00bb global_colors_info=\u00a0\u00bb{}\u00a0\u00bb custom_padding__hover=\u00a0\u00bb|||\u00a0\u00bb][et_pb_testimonial portrait_width=\u00a0\u00bb0px\u00a0\u00bb portrait_height=\u00a0\u00bb0px\u00a0\u00bb _builder_version=\u00a0\u00bb4.16&Prime; border_radii_portrait=\u00a0\u00bbon|0px|0px|0px|0px\u00a0\u00bb global_colors_info=\u00a0\u00bb{}\u00a0\u00bb]<\/p>\n<p style=\"text-align: justify\">Il est facile de visualiser la bande de Moebius dans l\u2019espace : un mod\u00e8le simple se r\u00e9alise en faisant subir une torsion d\u2019un demitour \u00e0 une bande de papier, puis en collant les deux extr\u00e9mit\u00e9s.<br \/> Si l\u2019on coupe le ruban en deux dans le sens de la longueur, on obtient un anneau unique, vrill\u00e9, mais qui poss\u00e8de deux faces distinctes et deux bords distincts.<\/p>\n<p style=\"text-align: justify\">En le recoupant dans le sens de la longueur, on obtient deux anneaux distincts, vrill\u00e9s et entortill\u00e9s l\u2019un dans l\u2019autre.<\/p>\n<p style=\"text-align: justify\">Le ruban de Moebius est une surface qui peut \u00eatre caract\u00e9ris\u00e9e par le fait qu\u2019elle poss\u00e8de une seule face.<\/p>\n<p style=\"text-align: justify\">Le ruban de Moebius alimente \u00e9galement, gr\u00e2ce \u00e0 sa particularit\u00e9, des d\u00e9bats en philosophie.<\/p>\n<p>[\/et_pb_testimonial][\/et_pb_column][et_pb_column type=\u00a0\u00bb1_2&Prime; _builder_version=\u00a0\u00bb4.27.0&Prime; _module_preset=\u00a0\u00bbdefault\u00a0\u00bb global_colors_info=\u00a0\u00bb{}\u00a0\u00bb][et_pb_gallery gallery_ids=\u00a0\u00bb2203,2204,2205&Prime; fullwidth=\u00a0\u00bbon\u00a0\u00bb _builder_version=\u00a0\u00bb4.27.0&Prime; _module_preset=\u00a0\u00bbdefault\u00a0\u00bb auto=\u00a0\u00bbon\u00a0\u00bb hover_enabled=\u00a0\u00bb0&Prime; global_colors_info=\u00a0\u00bb{}\u00a0\u00bb width=\u00a0\u00bb100%\u00a0\u00bb sticky_enabled=\u00a0\u00bb0&Prime;][\/et_pb_gallery][\/et_pb_column][\/et_pb_row][et_pb_row _builder_version=\u00a0\u00bb4.16&Prime; custom_margin=\u00a0\u00bb0px||\u00a0\u00bb custom_padding=\u00a0\u00bb0px||\u00a0\u00bb global_colors_info=\u00a0\u00bb{}\u00a0\u00bb][et_pb_column type=\u00a0\u00bb4_4&Prime; _builder_version=\u00a0\u00bb4.16&Prime; custom_padding=\u00a0\u00bb|||\u00a0\u00bb global_colors_info=\u00a0\u00bb{}\u00a0\u00bb custom_padding__hover=\u00a0\u00bb|||\u00a0\u00bb][et_pb_testimonial author=\u00a0\u00bb A.H. juin 2001, La gazette proven\u00e7ale\u00a0\u00bb quote_icon=\u00a0\u00bboff\u00a0\u00bb portrait_width=\u00a0\u00bb0px\u00a0\u00bb portrait_height=\u00a0\u00bb0px\u00a0\u00bb _builder_version=\u00a0\u00bb4.16&Prime; custom_margin=\u00a0\u00bb0px||\u00a0\u00bb custom_padding=\u00a0\u00bb||\u00a0\u00bb border_radii_portrait=\u00a0\u00bbon|0px|0px|0px|0px\u00a0\u00bb global_colors_info=\u00a0\u00bb{}\u00a0\u00bb]<\/p>\n<p style=\"text-align: justify\">Dezeuze reste fid\u00e8le \u00e0 la gravure, cette technique exigeante, tremplin s\u00fbr de l\u2019intiution de ce jeune d\u00e9miurge audacieux et serein du 8\u00e8me Jour de la Gen\u00e8se, g\u00e9niteur d\u2019un chaos d\u2019o\u00f9 il fait na\u00eetre ses mondes \u00e0 venir : des plan\u00e8tes oniriques, des nuits en mouvement perl\u00e9es d\u2019\u00e9toiles blanches. Il p\u00e9trit de transparence, des modulations de l\u2019ombre et de la lumi\u00e8re, dans des palettes sobres de gris, de bruns, jusqu\u2019\u00e0 l\u2019affrontement du noir absolu \u00e0 l\u2019\u00e9blouissement immacul\u00e9 du blanc, les d\u00e9limite avec finesse, se laisse aller \u00e0 l\u2019\u00e9l\u00e9gance des longs ovales, joue avec le myst\u00e8re du cercle, r\u00e9sout \u00e0 sa mani\u00e8re le probl\u00e8me de l\u2019anneau de Moebius, dresse parall\u00e8lement la Tour de Babel et le doux arc de vert\u00e8bres du Pneuma.<\/p>\n<p style=\"text-align: justify\">Ordonnateur d\u2019un monde al\u00e9atoire, Dezeuze, en notre temps de bruit et de fureur, est le po\u00e8te visionnaire pench\u00e9 sur l\u2019ab\u00eeme insondable du devenir et la solitude des espaces infinis.<\/p>\n<p>[\/et_pb_testimonial][\/et_pb_column][\/et_pb_row][et_pb_row column_structure=\u00a0\u00bb1_2,1_2&Prime; _builder_version=\u00a0\u00bb4.16&Prime; global_colors_info=\u00a0\u00bb{}\u00a0\u00bb][et_pb_column type=\u00a0\u00bb1_2&Prime; _builder_version=\u00a0\u00bb4.16&Prime; custom_padding=\u00a0\u00bb|||\u00a0\u00bb global_colors_info=\u00a0\u00bb{}\u00a0\u00bb custom_padding__hover=\u00a0\u00bb|||\u00a0\u00bb][et_pb_image src=\u00a0\u00bbhttp:\/\/vincent.dezeuze.com\/wp-content\/uploads\/2024\/07\/ruban1-scaled.jpg\u00a0\u00bb title_text=\u00a0\u00bbruban1&Prime; show_in_lightbox=\u00a0\u00bbon\u00a0\u00bb align_tablet=\u00a0\u00bbcenter\u00a0\u00bb align_phone=\u00a0\u00bbcenter\u00a0\u00bb align_last_edited=\u00a0\u00bbon|desktop\u00a0\u00bb _builder_version=\u00a0\u00bb4.27.0&Prime; global_colors_info=\u00a0\u00bb{}\u00a0\u00bb][\/et_pb_image][et_pb_text _builder_version=\u00a0\u00bb4.16&Prime; custom_margin=\u00a0\u00bb5px||\u00a0\u00bb global_colors_info=\u00a0\u00bb{}\u00a0\u00bb]<\/p>\n<p style=\"text-align: center;\">Bande de Moebius 1, 2000, 60x55cm<\/p>\n<p>[\/et_pb_text][\/et_pb_column][et_pb_column type=\u00a0\u00bb1_2&Prime; _builder_version=\u00a0\u00bb4.16&Prime; custom_padding=\u00a0\u00bb|||\u00a0\u00bb global_colors_info=\u00a0\u00bb{}\u00a0\u00bb custom_padding__hover=\u00a0\u00bb|||\u00a0\u00bb][et_pb_image src=\u00a0\u00bbhttp:\/\/vincent.dezeuze.com\/wp-content\/uploads\/2024\/07\/ruban2-scaled.jpg\u00a0\u00bb title_text=\u00a0\u00bbruban2&Prime; show_in_lightbox=\u00a0\u00bbon\u00a0\u00bb align_tablet=\u00a0\u00bbcenter\u00a0\u00bb align_phone=\u00a0\u00bbcenter\u00a0\u00bb align_last_edited=\u00a0\u00bbon|desktop\u00a0\u00bb _builder_version=\u00a0\u00bb4.27.0&Prime; global_colors_info=\u00a0\u00bb{}\u00a0\u00bb][\/et_pb_image][et_pb_text _builder_version=\u00a0\u00bb4.16&Prime; custom_margin=\u00a0\u00bb5px||\u00a0\u00bb global_colors_info=\u00a0\u00bb{}\u00a0\u00bb]<\/p>\n<p style=\"text-align: center;\">Bande de Moebius 2, 2000, 60x55cm<\/p>\n<p>[\/et_pb_text][\/et_pb_column][\/et_pb_row][\/et_pb_section]<\/p>\n","protected":false},"excerpt":{"rendered":"<p>Tous un peu Sisyphe nous parcouront ind\u00e9finiment cette surface unique. \u00c9l\u00e9gant volume flottant dans l\u2019espace, ce ruban, \u00e0 l\u2019\u00e9chelle humaine, devient un chemin pi\u00e9tonnier sans fin. Comme le symbole de l\u2019infini que l\u2019on retrouve sur certains papiers chiffons destin\u00e9s \u00e0 la gravure, le ruban de Moebius est une curiosit\u00e9 math\u00e9matique qui fait d\u2019un volume une [&hellip;]<\/p>\n","protected":false},"author":2,"featured_media":0,"parent":0,"menu_order":0,"comment_status":"closed","ping_status":"closed","template":"","meta":{"_et_pb_use_builder":"on","_et_pb_old_content":"","_et_gb_content_width":"","footnotes":""},"class_list":["post-1294","page","type-page","status-publish","hentry"],"_links":{"self":[{"href":"https:\/\/vincent.dezeuze.com\/index.php\/wp-json\/wp\/v2\/pages\/1294","targetHints":{"allow":["GET"]}}],"collection":[{"href":"https:\/\/vincent.dezeuze.com\/index.php\/wp-json\/wp\/v2\/pages"}],"about":[{"href":"https:\/\/vincent.dezeuze.com\/index.php\/wp-json\/wp\/v2\/types\/page"}],"author":[{"embeddable":true,"href":"https:\/\/vincent.dezeuze.com\/index.php\/wp-json\/wp\/v2\/users\/2"}],"replies":[{"embeddable":true,"href":"https:\/\/vincent.dezeuze.com\/index.php\/wp-json\/wp\/v2\/comments?post=1294"}],"version-history":[{"count":3,"href":"https:\/\/vincent.dezeuze.com\/index.php\/wp-json\/wp\/v2\/pages\/1294\/revisions"}],"predecessor-version":[{"id":2441,"href":"https:\/\/vincent.dezeuze.com\/index.php\/wp-json\/wp\/v2\/pages\/1294\/revisions\/2441"}],"wp:attachment":[{"href":"https:\/\/vincent.dezeuze.com\/index.php\/wp-json\/wp\/v2\/media?parent=1294"}],"curies":[{"name":"wp","href":"https:\/\/api.w.org\/{rel}","templated":true}]}}