{"id":1248,"date":"2019-03-15T15:43:57","date_gmt":"2019-03-15T14:43:57","guid":{"rendered":"http:\/\/vincentdezeuze.neowp.fr\/?page_id=1248"},"modified":"2024-07-29T16:26:09","modified_gmt":"2024-07-29T14:26:09","slug":"bio","status":"publish","type":"page","link":"https:\/\/vincent.dezeuze.com\/index.php\/bio\/","title":{"rendered":"Bio"},"content":{"rendered":"<p>[et_pb_section fb_built=\u00a0\u00bb1&Prime; admin_label=\u00a0\u00bbsection\u00a0\u00bb _builder_version=\u00a0\u00bb4.16&Prime; global_colors_info=\u00a0\u00bb{}\u00a0\u00bb][et_pb_row admin_label=\u00a0\u00bbrow\u00a0\u00bb _builder_version=\u00a0\u00bb4.16&Prime; background_size=\u00a0\u00bbinitial\u00a0\u00bb background_position=\u00a0\u00bbtop_left\u00a0\u00bb background_repeat=\u00a0\u00bbrepeat\u00a0\u00bb custom_margin=\u00a0\u00bb0px||\u00a0\u00bb custom_padding=\u00a0\u00bb5px||\u00a0\u00bb global_colors_info=\u00a0\u00bb{}\u00a0\u00bb][et_pb_column type=\u00a0\u00bb4_4&Prime; _builder_version=\u00a0\u00bb4.16&Prime; custom_padding=\u00a0\u00bb|||\u00a0\u00bb global_colors_info=\u00a0\u00bb{}\u00a0\u00bb custom_padding__hover=\u00a0\u00bb|||\u00a0\u00bb][et_pb_text admin_label=\u00a0\u00bbText\u00a0\u00bb _builder_version=\u00a0\u00bb4.16&Prime; text_font=\u00a0\u00bb||||||||\u00a0\u00bb background_size=\u00a0\u00bbinitial\u00a0\u00bb background_position=\u00a0\u00bbtop_left\u00a0\u00bb background_repeat=\u00a0\u00bbrepeat\u00a0\u00bb custom_margin=\u00a0\u00bb|||\u00a0\u00bb global_colors_info=\u00a0\u00bb{}\u00a0\u00bb]<\/p>\n<p>N\u00e9 en 1967. J&rsquo;ai suivi ma formation \u00e0 l&rsquo;\u00e9cole des Beaux-Arts de Montpellier. D\u00e8s 1990 la gravure devient mon principal m\u00e9dium d\u2019expression, j&rsquo;ai longtemps exp\u00e9riment\u00e9 la collagraphie et je cherche toujours de nouvelles techniques dans une volont\u00e9 d\u2019\u00e9volution traditionnelle de l\u2019estampe. Depuis 2001, parall\u00e8lement aux expositions et aux r\u00e9sidences \u00e0 l&rsquo;\u00e9tranger, j&rsquo;enseigne les techniques de l&rsquo;estampe.<br \/>En 2007 je participe \u00e0 la fondation de la Maison de la Gravure M\u00e9diterran\u00e9e, lieu de pratique, de d\u00e9couverte et de recherche sur l\u2019estampe, que j&rsquo;anime jusqu\u2019en 2016.<\/p>\n<p><a href=\"http:\/\/www.maisondelagravure.eu\/\" target=\"_blank\" rel=\"noopener noreferrer\"><\/a><\/p>\n<p>Pour beaucoup d&rsquo;artistes, l&rsquo;estampe est encore un moyen de produire des multiples. Pour certain c&rsquo;est un v\u00e9ritable m\u00e9dium d&rsquo;expression. Apr\u00e8s avoir pratiqu\u00e9 quelque temps la peinture, je me suis exclusivement tourn\u00e9 vers la gravure.<br \/>Depuis longtemps ma recherche en estampe se concentre sur trois points : la taille, la spontan\u00e9it\u00e9 d\u2019ex\u00e9cution et la toxicit\u00e9 r\u00e9duite dans l\u2019ex\u00e9cution d\u2019un projet. Le travail du graveur n&rsquo;a rien \u00e0 voir avec celui du peintre, surtout en estampe contemporaine o\u00f9 la diversit\u00e9 des mat\u00e9riaux utilisables \u00e9largit \u00e0 l&rsquo;infini le champ des images r\u00e9alisables.<br \/>Le graveur est li\u00e9 \u00e0 la mati\u00e8re, il joue avec les mat\u00e9riaux, il les fa\u00e7onne dans le dessein de laisser leur empreinte sur le papier ou sur tout autre support.<\/p>\n<p>Les techniques d&rsquo;impression sont innombrables, il ne faut pas h\u00e9siter \u00e0 en utiliser plusieurs pour r\u00e9aliser une m\u00eame image. Recherche, m\u00e9lange, impression, r\u00e9impression, la technique n&rsquo;est l\u00e0 que pour nous aider \u00e0 obtenir l&rsquo;image que l&rsquo;on souhaite. Cherchons, r\u00e9alisons, imprimons!<\/p>\n<p>Le fil conducteur de mon travail se situe au niveau du langage, le langage au sens large, le signe qui permet de communiquer. L&rsquo;estampe est \u00e0 l&rsquo;\u00e9vidence le m\u00e9dium appropri\u00e9 pour montrer le signe, elle a toujours \u00e9t\u00e9 le support de la m\u00e9moire et de l&rsquo;\u00e9crit, donc de l&rsquo;\u00e9change. Le langage est une de nos racines, il est formateur d&rsquo;une construction mentale.<\/p>\n<p><strong>Collections publiques :<br \/><\/strong><br \/>Conseil G\u00e9n\u00e9ral de Vaucluse \u2013 Avignon<br \/>Conseil R\u00e9gional de Languedoc-Roussillon \u2013 Montpellier<br \/>Mus\u00e9e National M.K. Ciurlionis \u2013 Kaunas, Lituanie<br \/>Mus\u00e9e des Alpilles &#8211; Saint Remy de Provence<\/p>\n<p>&nbsp;<\/p>\n<p>[\/et_pb_text][et_pb_testimonial author=\u00a0\u00bbUmberto Eco\u00a0\u00bb _builder_version=\u00a0\u00bb4.16&Prime; global_colors_info=\u00a0\u00bb{}\u00a0\u00bb]<\/p>\n<p>Une empreinte n\u2019a pas toujours la forme m\u00eame du corps qui l\u2019a imprim\u00e9e et elle ne na\u00eet pas toujours de la pression d\u2019un corps. Elle reproduit parfois l\u2019impression qu\u2019un corps a laiss\u00e9 dans notre esprit, elle est empreinte d\u2019une id\u00e9e. L\u2019id\u00e9e est signe des choses, l\u2019image est signe de l\u2019id\u00e9e, signe d\u2019un signe.\u00a0<\/p>\n<p>[\/et_pb_testimonial][\/et_pb_column][\/et_pb_row][\/et_pb_section][et_pb_section fb_built=\u00a0\u00bb1&Prime; theme_builder_area=\u00a0\u00bbpost_content\u00a0\u00bb _builder_version=\u00a0\u00bb4.27.0&Prime; _module_preset=\u00a0\u00bbdefault\u00a0\u00bb][et_pb_row _builder_version=\u00a0\u00bb4.27.0&Prime; _module_preset=\u00a0\u00bbdefault\u00a0\u00bb theme_builder_area=\u00a0\u00bbpost_content\u00a0\u00bb][et_pb_column _builder_version=\u00a0\u00bb4.27.0&Prime; _module_preset=\u00a0\u00bbdefault\u00a0\u00bb theme_builder_area=\u00a0\u00bbpost_content\u00a0\u00bb type=\u00a0\u00bb4_4&Prime;][et_pb_image src=\u00a0\u00bbhttp:\/\/vincent.dezeuze.com\/wp-content\/uploads\/2024\/07\/manholecoverred.jpg\u00a0\u00bb _builder_version=\u00a0\u00bb4.27.0&Prime; _module_preset=\u00a0\u00bbdefault\u00a0\u00bb theme_builder_area=\u00a0\u00bbpost_content\u00a0\u00bb align=\u00a0\u00bbcenter\u00a0\u00bb width_last_edited=\u00a0\u00bbon|desktop\u00a0\u00bb hover_enabled=\u00a0\u00bb0&Prime; sticky_enabled=\u00a0\u00bb0&Prime;][\/et_pb_image][\/et_pb_column][\/et_pb_row][\/et_pb_section]<\/p>\n","protected":false},"excerpt":{"rendered":"<p>N\u00e9 en 1967. J&rsquo;ai suivi ma formation \u00e0 l&rsquo;\u00e9cole des Beaux-Arts de Montpellier. D\u00e8s 1990 la gravure devient mon principal m\u00e9dium d\u2019expression, j&rsquo;ai longtemps exp\u00e9riment\u00e9 la collagraphie et je cherche toujours de nouvelles techniques dans une volont\u00e9 d\u2019\u00e9volution traditionnelle de l\u2019estampe. Depuis 2001, parall\u00e8lement aux expositions et aux r\u00e9sidences \u00e0 l&rsquo;\u00e9tranger, j&rsquo;enseigne les techniques de [&hellip;]<\/p>\n","protected":false},"author":2,"featured_media":0,"parent":0,"menu_order":0,"comment_status":"closed","ping_status":"closed","template":"","meta":{"_et_pb_use_builder":"on","_et_pb_old_content":"Vincent Dezeuze Vit et travaille dans la r\u00e9gion de Montpellier. Il construit depuis 1990 une oeuvre grav\u00e9e vari\u00e9e. Son univers symbolique explore le langage dans ses multiples formes, une recherche sur nos racines humaines.\n\nSon principal m\u00e9dium d'expression est la gravure, il exp\u00e9rimente la collagraphie et de nouvelles techniques, dans une volont\u00e9 d'\u00e9volution traditionnelle de l'estampe.\n\nIl participe \u00e0 la fondation de la Maison de la Gravure M\u00e9diterran\u00e9e, lieu de pratique, de d\u00e9couverte et de recherche sur l\u2019estampe, qu'il anime jusqu'en 2016.\n\n\u00ab Pour beaucoup d'artistes, l'estampe est encore un moyen de produire des multiples. Pour certain c'est un v\u00e9ritable m\u00e9dium d'expression. Apr\u00e8s avoir pratiqu\u00e9 quelque temps la peinture, je me suis exclusivement tourn\u00e9 vers la gravure.\nDepuis longtemps ma recherche en estampe se concentre sur trois points : la taille, la spontan\u00e9it\u00e9 d\u2019ex\u00e9cution et la toxicit\u00e9 r\u00e9duite dans l\u2019ex\u00e9cution d\u2019un projet. Le travail du graveur n'a rien \u00e0 voir avec celui du peintre, surtout en estampe contemporaine o\u00f9 la diversit\u00e9 des mat\u00e9riaux utilisables \u00e9largit \u00e0 l'infini le champ des images r\u00e9alisables. Le graveur est li\u00e9 \u00e0 la mati\u00e8re, il joue avec les mat\u00e9riaux, il les fa\u00e7onne dans le dessein de laisser leur empreinte sur le papier ou sur tout autre support.\n\nLe fil conducteur de mon travail se situe au niveau du langage, le langage au sens large, le signe qui permet de communiquer. L'estampe est \u00e0 l'\u00e9vidence le m\u00e9dium appropri\u00e9 pour montrer le signe, elle a toujours \u00e9t\u00e9 le support de la m\u00e9moire et de l'\u00e9crit, donc de l'\u00e9change. Le langage est une de nos racines, il est formateur d'une construction mentale. \u00bb V.D.\n\n\u00ab Une empreinte n\u2019a pas toujours la forme m\u00eame du corps qui l\u2019a imprim\u00e9e et elle ne na\u00eet pas toujours de la pression d\u2019un corps. Elle reproduit parfois l\u2019impression qu\u2019un corps a laiss\u00e9 dans notre esprit, elle est empreinte d\u2019une id\u00e9e. L\u2019id\u00e9e est signe des choses, l\u2019image est signe de l\u2019id\u00e9e, signe d\u2019un signe. \u00bb\nUmberto Eco\n\nCollections publiques :\nConseil G\u00e9n\u00e9ral de Vaucluse \u2013 Avignon\nConseil R\u00e9gional de Languedoc-Roussillon \u2013 Montpellier\nMus\u00e9e National M.K. Ciurlionis \u2013 Kaunas, Lituanie\nMus\u00e9e des Alpilles - Saint Remy de Provence","_et_gb_content_width":"","footnotes":""},"class_list":["post-1248","page","type-page","status-publish","hentry"],"_links":{"self":[{"href":"https:\/\/vincent.dezeuze.com\/index.php\/wp-json\/wp\/v2\/pages\/1248","targetHints":{"allow":["GET"]}}],"collection":[{"href":"https:\/\/vincent.dezeuze.com\/index.php\/wp-json\/wp\/v2\/pages"}],"about":[{"href":"https:\/\/vincent.dezeuze.com\/index.php\/wp-json\/wp\/v2\/types\/page"}],"author":[{"embeddable":true,"href":"https:\/\/vincent.dezeuze.com\/index.php\/wp-json\/wp\/v2\/users\/2"}],"replies":[{"embeddable":true,"href":"https:\/\/vincent.dezeuze.com\/index.php\/wp-json\/wp\/v2\/comments?post=1248"}],"version-history":[{"count":1,"href":"https:\/\/vincent.dezeuze.com\/index.php\/wp-json\/wp\/v2\/pages\/1248\/revisions"}],"predecessor-version":[{"id":2024,"href":"https:\/\/vincent.dezeuze.com\/index.php\/wp-json\/wp\/v2\/pages\/1248\/revisions\/2024"}],"wp:attachment":[{"href":"https:\/\/vincent.dezeuze.com\/index.php\/wp-json\/wp\/v2\/media?parent=1248"}],"curies":[{"name":"wp","href":"https:\/\/api.w.org\/{rel}","templated":true}]}}